{"id":53,"date":"2015-10-14T19:32:51","date_gmt":"2015-10-14T17:32:51","guid":{"rendered":"http:\/\/musiikkiviidakossa.fi\/?page_id=53"},"modified":"2021-08-02T01:06:10","modified_gmt":"2021-08-01T23:06:10","slug":"tekijat","status":"publish","type":"page","link":"https:\/\/musiikkiviidakossa.fi\/index.php\/tekijat\/","title":{"rendered":"Tekij\u00e4t"},"content":{"rendered":"<p style=\"text-align: center;\">Musiikkiviidakossa-teht\u00e4v\u00e4kirjan tekij\u00e4t, sisarukset Taru M\u00e4kimattila ja Kati Kajaniemi<\/p>\n<p style=\"text-align: center;\">ovat yhdist\u00e4neet osaamisensa ainutlaatuisella tavalla.<\/p>\n<p><a href=\"http:\/\/www.tahdikas.fi\" target=\"_blank\" rel=\"noopener noreferrer\">Taru M\u00e4kimattila<\/a><\/p>\n<p>Minulla on kaksi musiikkipedagogin tutkintoa. Olen valmistunut konservatoriosta harmonikansoitonopettajaksi ja ammattikorkeakoulusta musiikkileikkikoulun opettajaksi. Lis\u00e4ksi olen tehnyt kursseja rytmiikasta ja orff-pedagogiikasta. Ty\u00f6urallani olen opettanut soitonopetusta, soitinvalmennus-, musiikkileikkikouluryhmi\u00e4 ja musiikin perusteiden tasoja 0-2. Minulla on my\u00f6s lastentarhanopettajan p\u00e4tevyys ja ty\u00f6skentelen esiluokan opettajana.<\/p>\n<p>&#8220;Musiikin perusteiden oppiminen voi olla hauskaa. Olen opettajana n\u00e4hnyt tarpeen t\u00e4llaiselle oppimateriaalille, jossa lapsi toimii mielikuvitusmaailmassa ja teht\u00e4v\u00e4t ovat mahdollisimman innostavia ja joissa erilaiset oppijat otetaan huomioon. El\u00e4myksellisen oppimisen ohella kyn\u00e4teht\u00e4v\u00e4t ovat t\u00e4rkeit\u00e4 oppimisprosessissa: hienomotoriikka, jota soittaminenkin tarvitsee, kehittyy vain itse tekem\u00e4ll\u00e4.<\/p>\n<p>Lorut ja suurin osa teht\u00e4vist\u00e4 ovat syntyneet usean lukukauden kuluessa luodessani materiaalia musiikin perusteiden nolla-kurssin oppilaille. Kati loihti kuvallisen ulkoasun ja suuri osa teht\u00e4vist\u00e4 syntyi tiiviiss\u00e4 yhteisty\u00f6ss\u00e4 toinen toistaan tukien. Tapahtui my\u00f6s niin, ett\u00e4 kuvien pohjalta syntyi teht\u00e4vi\u00e4.<\/p>\n<p>Musiikkiviidakossa-harjoituskirjassa on tilaa oppilaan omalle musiikin kirjoittamiselle ja opettaja voi eriytt\u00e4\u00e4 teht\u00e4vi\u00e4 oppilaan kiinnostuksen ja taitotason mukaan. T\u00e4rkein oppimisprosessissa on oppilas ja se ett\u00e4 ilo oppimiseen s\u00e4ilyy. Tulee my\u00f6s muistaa, ett\u00e4 musiikkissa nuottikirjoitus on apuna eik\u00e4 itsetarkoituksena.&#8221;<\/p>\n<p>Kati Kajaniemi<\/p>\n<p>Olen valmistunut taiteen maisteriksi Lapin yliopistosta. Olen kuvataidepedagogi, kuvataiteilija ja valokuvataiteilija.<\/p>\n<p>Musiikkiviidakossa-teht\u00e4v\u00e4kirja oli mielenkiintoinen projekti. Sain yhdist\u00e4\u00e4 osaamisalueeni, sill\u00e4 tein koko kirjan visuaalisuuden alusta loppuun saakka. K\u00e4siss\u00e4ni olivat \u00e4\u00e4riviivapiirustukset, graafinen suunnittelu ja taitto.<\/p>\n<p>Sain yhdist\u00e4\u00e4 kirjassa valokuvan ja \u00e4\u00e4riviivapiirustukset, minulle l\u00e4heiset ilmaisuv\u00e4lineet. Halusin kirjan kansikuvaksi valokuvan. P\u00e4\u00e4timme sijoittaa\u00a0siihen \u00e4\u00e4riviivapiirustuksia,\u00a0jotka johdattavat lapsen piirustuksien mielikuvitusmaailmaan.\u00a0\u00a0Piirsin koko kirjan sis\u00e4ll\u00f6n, 72 sivua, kannesta kanteen. Tarun antamat opetussis\u00e4ll\u00f6t sommittelin piirustuksiin. Kirjan teht\u00e4vi\u00e4 kehitimme yhteisty\u00f6ss\u00e4. Piirsin kirjan nuottiviivastoista osan k\u00e4sivaralla. Avainkaapin ja juuris\u00e4velten lyjykyn\u00e4ll\u00e4 piirretyt nuottiavaimet ovat minun piirt\u00e4mi\u00e4ni. Halusin Tarun piirt\u00e4v\u00e4n\u00a0loput nuotit ja avaimet. Kokonaan piirretty Musiikkiviidakossa-teht\u00e4v\u00e4kirja on hyvin visuaalinen kokonaisuus ja j\u00e4lki el\u00e4v\u00e4.<\/p>\n","protected":false},"excerpt":{"rendered":"<p>Musiikkiviidakossa-teht\u00e4v\u00e4kirjan tekij\u00e4t, sisarukset Taru M\u00e4kimattila ja Kati Kajaniemi ovat yhdist\u00e4neet osaamisensa ainutlaatuisella tavalla. Taru M\u00e4kimattila Minulla on kaksi musiikkipedagogin tutkintoa. Olen valmistunut konservatoriosta harmonikansoitonopettajaksi ja ammattikorkeakoulusta musiikkileikkikoulun opettajaksi. Lis\u00e4ksi olen tehnyt kursseja rytmiikasta ja orff-pedagogiikasta. Ty\u00f6urallani olen opettanut soitonopetusta, soitinvalmennus-, musiikkileikkikouluryhmi\u00e4 ja musiikin perusteiden tasoja 0-2. Minulla on my\u00f6s lastentarhanopettajan p\u00e4tevyys ja ty\u00f6skentelen esiluokan opettajana. [&hellip;]<\/p>\n","protected":false},"author":3,"featured_media":0,"parent":0,"menu_order":3,"comment_status":"closed","ping_status":"closed","template":"","meta":[],"_links":{"self":[{"href":"https:\/\/musiikkiviidakossa.fi\/index.php\/wp-json\/wp\/v2\/pages\/53"}],"collection":[{"href":"https:\/\/musiikkiviidakossa.fi\/index.php\/wp-json\/wp\/v2\/pages"}],"about":[{"href":"https:\/\/musiikkiviidakossa.fi\/index.php\/wp-json\/wp\/v2\/types\/page"}],"author":[{"embeddable":true,"href":"https:\/\/musiikkiviidakossa.fi\/index.php\/wp-json\/wp\/v2\/users\/3"}],"replies":[{"embeddable":true,"href":"https:\/\/musiikkiviidakossa.fi\/index.php\/wp-json\/wp\/v2\/comments?post=53"}],"version-history":[{"count":20,"href":"https:\/\/musiikkiviidakossa.fi\/index.php\/wp-json\/wp\/v2\/pages\/53\/revisions"}],"predecessor-version":[{"id":436,"href":"https:\/\/musiikkiviidakossa.fi\/index.php\/wp-json\/wp\/v2\/pages\/53\/revisions\/436"}],"wp:attachment":[{"href":"https:\/\/musiikkiviidakossa.fi\/index.php\/wp-json\/wp\/v2\/media?parent=53"}],"curies":[{"name":"wp","href":"https:\/\/api.w.org\/{rel}","templated":true}]}}