{"id":407,"date":"2020-10-01T01:35:10","date_gmt":"2020-09-30T23:35:10","guid":{"rendered":"http:\/\/musiikkiviidakossa.fi\/?page_id=407"},"modified":"2025-11-01T17:01:39","modified_gmt":"2025-11-01T15:01:39","slug":"osta-kirja","status":"publish","type":"page","link":"https:\/\/musiikkiviidakossa.fi\/index.php\/osta-kirja\/","title":{"rendered":"Osta kirja"},"content":{"rendered":"<p style=\"text-align: center;\">\n<p style=\"text-align: center;\">Musiikkiviidakossa -kirjan hinta on 30\u20ac &nbsp;(sis. alv.14%) + postikulut<\/p>\n<p style=\"text-align: center;\">\n<p style=\"text-align: center;\">Oman Musiikkiviidakossa-kirjasi voit tilata s\u00e4hk\u00f6postitse osoitteesta:&nbsp;tilaukset(at)musiikkiviidakossa.fi<\/p>\n<p style=\"text-align: center;\">L\u00e4het\u00e4mme maksuohjeet s\u00e4hk\u00f6postitse.<\/p>\n<p style=\"text-align: center;\">\n<p style=\"text-align: center;\">J\u00e4lleenmyyj\u00e4t tai isomman er\u00e4n ostajat, kysyk\u00e4\u00e4 tarjous: tilaukset(at)musiikkiviidakossa.fi<\/p>\n<p style=\"text-align: center;\">&nbsp;+358 44 277 0799 Taru<\/p>\n","protected":false},"excerpt":{"rendered":"<p>Musiikkiviidakossa -kirjan hinta on 30\u20ac &nbsp;(sis. alv.14%) + postikulut Oman Musiikkiviidakossa-kirjasi voit tilata s\u00e4hk\u00f6postitse osoitteesta:&nbsp;tilaukset(at)musiikkiviidakossa.fi L\u00e4het\u00e4mme maksuohjeet s\u00e4hk\u00f6postitse. J\u00e4lleenmyyj\u00e4t tai isomman er\u00e4n ostajat, kysyk\u00e4\u00e4 tarjous: tilaukset(at)musiikkiviidakossa.fi &nbsp;+358 44 277 0799 Taru<\/p>\n","protected":false},"author":2,"featured_media":0,"parent":0,"menu_order":4,"comment_status":"closed","ping_status":"closed","template":"","meta":[],"_links":{"self":[{"href":"https:\/\/musiikkiviidakossa.fi\/index.php\/wp-json\/wp\/v2\/pages\/407"}],"collection":[{"href":"https:\/\/musiikkiviidakossa.fi\/index.php\/wp-json\/wp\/v2\/pages"}],"about":[{"href":"https:\/\/musiikkiviidakossa.fi\/index.php\/wp-json\/wp\/v2\/types\/page"}],"author":[{"embeddable":true,"href":"https:\/\/musiikkiviidakossa.fi\/index.php\/wp-json\/wp\/v2\/users\/2"}],"replies":[{"embeddable":true,"href":"https:\/\/musiikkiviidakossa.fi\/index.php\/wp-json\/wp\/v2\/comments?post=407"}],"version-history":[{"count":14,"href":"https:\/\/musiikkiviidakossa.fi\/index.php\/wp-json\/wp\/v2\/pages\/407\/revisions"}],"predecessor-version":[{"id":529,"href":"https:\/\/musiikkiviidakossa.fi\/index.php\/wp-json\/wp\/v2\/pages\/407\/revisions\/529"}],"wp:attachment":[{"href":"https:\/\/musiikkiviidakossa.fi\/index.php\/wp-json\/wp\/v2\/media?parent=407"}],"curies":[{"name":"wp","href":"https:\/\/api.w.org\/{rel}","templated":true}]}}