{"id":2,"date":"2015-09-26T20:50:48","date_gmt":"2015-09-26T20:50:48","guid":{"rendered":"http:\/\/musiikkiviidakossa.fi\/?page_id=2"},"modified":"2020-10-05T20:07:11","modified_gmt":"2020-10-05T18:07:11","slug":"sample-page","status":"publish","type":"page","link":"https:\/\/musiikkiviidakossa.fi\/","title":{"rendered":"Musiikkiviidakossa"},"content":{"rendered":"<p style=\"text-align: center;\"><a href=\"http:\/\/musiikkiviidakossa.fi\/wp-content\/uploads\/2015\/10\/IMG_4490-Web-Apina-kurkkaa-mandoliinin-kanssa-Mus-Vii-sivu-72-vahan-tummenpi-107.jpg\"><img decoding=\"async\" loading=\"lazy\" class=\"alignnone size-full wp-image-149\" src=\"http:\/\/musiikkiviidakossa.fi\/wp-content\/uploads\/2015\/10\/IMG_4490-Web-Apina-kurkkaa-mandoliinin-kanssa-Mus-Vii-sivu-72-vahan-tummenpi-107.jpg\" alt=\"IMG_4490 Web Apina kurkkaa mandoliinin kanssa Mus Vii sivu 72 vahan tummenpi 107\" width=\"800\" height=\"459\" \/><\/a><\/p>\n<p style=\"text-align: center;\">Tervetuloa Musiikkiviidakkoon!<\/p>\n<p style=\"text-align: center;\">Musiikkiviidakossa -teht\u00e4v\u00e4kirja on tarkoitettu kaikille soitto-opintoja aloittaville oppilaille, soittimesta riippumatta. Musiikkiviidakossa -teht\u00e4v\u00e4kirja soveltuu musiikin perusteiden alkeisoppimateriaaliksi, yksityis- tai ryhm\u00e4opetuksessa.<\/p>\n<p style=\"text-align: center;\">Tule mukaan seikkailuun! Oman kirjasi voit tilata\u00a0s\u00e4hk\u00f6postitse:\u00a0tilaukset(at)musiikkiviidakossa.fi.<\/p>\n<div style=\"text-align: center;\">\n<iframe loading=\"lazy\" title=\"Musiikkiviidakossa teht\u00e4v\u00e4kirjan esittely\" width=\"625\" height=\"352\" src=\"https:\/\/www.youtube.com\/embed\/0UhLudOxF6Y?feature=oembed\" frameborder=\"0\" allow=\"accelerometer; autoplay; clipboard-write; encrypted-media; gyroscope; picture-in-picture\" allowfullscreen><\/iframe>\n<\/div>\n<p>&nbsp;<\/p>\n<p><a href=\"http:\/\/musiikkiviidakossa.fi\/wp-content\/uploads\/2015\/10\/IMG_4889-Web-Hassuja-kaloja-meressa-crop-gray-327804.jpg\"><img decoding=\"async\" loading=\"lazy\" class=\"size-full wp-image-167 aligncenter\" src=\"http:\/\/musiikkiviidakossa.fi\/wp-content\/uploads\/2015\/10\/IMG_4889-Web-Hassuja-kaloja-meressa-crop-gray-327804.jpg\" alt=\"IMG_4889 Web Hassuja kaloja meressa crop gray 327,804\" width=\"194\" height=\"204\" \/><\/a><\/p>\n<p style=\"text-align: center;\">Musiikkiviidakossa -teht\u00e4v\u00e4kirja innostaa oppilasta oppimaan nuottikirjoitusta ja tukee soittamaan oppimista. Soittoharrastuksen alkuvaiheessa kirjan teht\u00e4vi\u00e4 tekem\u00e4ll\u00e4 oppilas oppii musiikin luku- ja kirjoitustaidon alkeet. Teht\u00e4vi\u00e4 my\u00f6s soitetaan omalla soittimella, joten opeteltava asia yhdistyy k\u00e4yt\u00e4nt\u00f6\u00f6n.<\/p>\n<p><a href=\"http:\/\/musiikkiviidakossa.fi\/wp-content\/uploads\/2015\/10\/IMG_4860-Web-Aarrearkku_Pikku-kuvia-savelsivuille-gray-4852.jpg\"><img decoding=\"async\" loading=\"lazy\" class=\"size-full wp-image-172 aligncenter\" src=\"http:\/\/musiikkiviidakossa.fi\/wp-content\/uploads\/2015\/10\/IMG_4860-Web-Aarrearkku_Pikku-kuvia-savelsivuille-gray-4852.jpg\" alt=\"IMG_4860 Web Aarrearkku_Pikku kuvia savelsivuille gray 48,5\" width=\"195\" height=\"139\" \/><\/a><\/p>\n<p style=\"text-align: center;\">Musiikkiviidakossa -teht\u00e4v\u00e4kirjassa on paljon erilaisia harjoituksia, kuten esimerkiksi salakirjoituksia ja sokkeloita. Nuottien aika-arvot ja s\u00e4velten nimet opitaan yksi asia kerrallaan. Kuvat ja lorut auttavat oppimisessa.\u00a0Kirjassa on tilaa my\u00f6s oppilaan oman musiikin keksimiselle sek\u00e4 lis\u00e4teht\u00e4ville oppilaan kiinnostuksen ja taitotason mukaan.<\/p>\n<p style=\"text-align: center;\">Musiikkiviidakossa -teht\u00e4v\u00e4kirjan tarkoitus on helpottaa soitonoppimista ja tulevia musiikin perusteiden opintoja.<\/p>\n<p style=\"text-align: center;\"><span class=\"Apple-converted-space\">\u00a0<\/span><\/p>\n<p style=\"text-align: center;\">Tutustu kirjaan.<\/p>\n<p style=\"text-align: center;\"><img decoding=\"async\" loading=\"lazy\" class=\"aligncenter popmake-kirja\" src=\"http:\/\/musiikkiviidakossa.fi\/wp-content\/uploads\/2015\/10\/2015_09_08-Nettikauppa_etusivu-kansikuva-Musiikkiviidakossa-kansi-.jpg\" alt=\"Musiikkiviidakossa kansi\" width=\"189\" height=\"245\" \/>(<a href=\"http:\/\/musiikkiviidakossa.fi\/wp-content\/uploads\/2015\/10\/musiikkiviidakossa.pdf\" target=\"_blank\">Lataa pdf<\/a>)<\/p>\n<p style=\"text-align: center;\">Musiikkiviidakon musiikkimaisema:<\/p>\n<p style=\"text-align: center;\"><a href=\"http:\/\/musiikkiviidakossa.fi\/wp-content\/uploads\/2016\/08\/Musiikkiviidakon-musiikkimaisema.jpg\"><img decoding=\"async\" loading=\"lazy\" class=\"wp-image-264 aligncenter\" src=\"http:\/\/musiikkiviidakossa.fi\/wp-content\/uploads\/2016\/08\/Musiikkiviidakon-musiikkimaisema.jpg\" alt=\"Musiikkiviidakon musiikkimaisema\" width=\"188\" height=\"266\" \/><\/a><\/p>\n<p style=\"text-align: center;\">(<a href=\"http:\/\/musiikkiviidakossa.fi\/wp-content\/uploads\/2016\/08\/Musiikkiviidakon-musiikkimaisema.pdf\" target=\"_blank\">Lataa pdf<\/a>)<\/p>\n","protected":false},"excerpt":{"rendered":"<p>Tervetuloa Musiikkiviidakkoon! Musiikkiviidakossa -teht\u00e4v\u00e4kirja on tarkoitettu kaikille soitto-opintoja aloittaville oppilaille, soittimesta riippumatta. Musiikkiviidakossa -teht\u00e4v\u00e4kirja soveltuu musiikin perusteiden alkeisoppimateriaaliksi, yksityis- tai ryhm\u00e4opetuksessa. Tule mukaan seikkailuun! Oman kirjasi voit tilata\u00a0s\u00e4hk\u00f6postitse:\u00a0tilaukset(at)musiikkiviidakossa.fi. &nbsp; Musiikkiviidakossa -teht\u00e4v\u00e4kirja innostaa oppilasta oppimaan nuottikirjoitusta ja tukee soittamaan oppimista. Soittoharrastuksen alkuvaiheessa kirjan teht\u00e4vi\u00e4 tekem\u00e4ll\u00e4 oppilas oppii musiikin luku- ja kirjoitustaidon alkeet. Teht\u00e4vi\u00e4 my\u00f6s soitetaan omalla [&hellip;]<\/p>\n","protected":false},"author":1,"featured_media":0,"parent":0,"menu_order":1,"comment_status":"closed","ping_status":"open","template":"","meta":[],"_links":{"self":[{"href":"https:\/\/musiikkiviidakossa.fi\/index.php\/wp-json\/wp\/v2\/pages\/2"}],"collection":[{"href":"https:\/\/musiikkiviidakossa.fi\/index.php\/wp-json\/wp\/v2\/pages"}],"about":[{"href":"https:\/\/musiikkiviidakossa.fi\/index.php\/wp-json\/wp\/v2\/types\/page"}],"author":[{"embeddable":true,"href":"https:\/\/musiikkiviidakossa.fi\/index.php\/wp-json\/wp\/v2\/users\/1"}],"replies":[{"embeddable":true,"href":"https:\/\/musiikkiviidakossa.fi\/index.php\/wp-json\/wp\/v2\/comments?post=2"}],"version-history":[{"count":81,"href":"https:\/\/musiikkiviidakossa.fi\/index.php\/wp-json\/wp\/v2\/pages\/2\/revisions"}],"predecessor-version":[{"id":401,"href":"https:\/\/musiikkiviidakossa.fi\/index.php\/wp-json\/wp\/v2\/pages\/2\/revisions\/401"}],"wp:attachment":[{"href":"https:\/\/musiikkiviidakossa.fi\/index.php\/wp-json\/wp\/v2\/media?parent=2"}],"curies":[{"name":"wp","href":"https:\/\/api.w.org\/{rel}","templated":true}]}}